{"id":3,"date":"2025-06-16T08:26:18","date_gmt":"2025-06-16T08:26:18","guid":{"rendered":"http:\/\/dazhonghua.es\/?page_id=3"},"modified":"2025-06-17T14:24:16","modified_gmt":"2025-06-17T14:24:16","slug":"privacy-policy","status":"publish","type":"page","link":"https:\/\/dazhonghua.es\/es\/privacy-policy\/","title":{"rendered":"Aviso Legal y Pol\u00edtica de Privacidad"},"content":{"rendered":"<p><strong>Responsable del sitio web:<\/strong><br>SUPER ZHONG HUA, S.L.<br>NIF: B-97078331<br>Direcci\u00f3n: C\/25-Nave 32 Pol Ind. Catarroja, 46470 Catarroja (Valencia), Espa\u00f1a<br>Email de contacto: <a>superzhonghua@hotmail.com<\/a><\/p>\n\n\n\n<p><strong>Objeto:<\/strong><br>Este sitio web tiene como \u00fanico objetivo ofrecer informaci\u00f3n sobre nuestros productos y servicios. No se recogen datos personales a trav\u00e9s de formularios ni se utilizan cookies de seguimiento.<\/p>\n\n\n\n<p><strong>Datos recopilados:<\/strong><br>El servidor puede registrar de forma autom\u00e1tica la direcci\u00f3n IP p\u00fablica, tipo de navegador y fecha de acceso, \u00fanicamente para fines de seguridad y funcionamiento t\u00e9cnico del sitio.<\/p>\n\n\n\n<p><strong>Uso de datos:<\/strong><br>Los datos no se venden ni se ceden a terceros. Se almacenan de forma segura durante el tiempo estrictamente necesario para cumplir obligaciones legales o de seguridad.<\/p>\n\n\n\n<p><strong>Derechos del usuario:<\/strong><br>Puede ejercer sus derechos de acceso, rectificaci\u00f3n, supresi\u00f3n y limitaci\u00f3n escribiendo a <a>superzhonghua@hotmail.com<\/a> o a la direcci\u00f3n indicada.<\/p>\n\n\n\n<p><strong>Modificaciones:<\/strong><br>SUPER ZHONG HUA, S.L. se reserva el derecho de modificar este aviso legal y pol\u00edtica de privacidad para adaptarse a cambios legales o t\u00e9cnicos.<\/p>","protected":false},"excerpt":{"rendered":"<p>Responsable del sitio web:SUPER ZHONG HUA, S.L.NIF: B-9 [&hellip;]<\/p>","protected":false},"author":1,"featured_media":0,"parent":0,"menu_order":0,"comment_status":"closed","ping_status":"open","template":"","meta":{"_uag_custom_page_level_css":"","site-sidebar-layout":"default","site-content-layout":"","ast-site-content-layout":"default","site-content-style":"default","site-sidebar-style":"default","ast-global-header-display":"","ast-banner-title-visibility":"","ast-main-header-display":"","ast-hfb-above-header-display":"","ast-hfb-below-header-display":"","ast-hfb-mobile-header-display":"","site-post-title":"","ast-breadcrumbs-content":"","ast-featured-img":"","footer-sml-layout":"","theme-transparent-header-meta":"","adv-header-id-meta":"","stick-header-meta":"","header-above-stick-meta":"","header-main-stick-meta":"","header-below-stick-meta":"","astra-migrate-meta-layouts":"set","ast-page-background-enabled":"default","ast-page-background-meta":{"desktop":{"background-color":"","background-image":"","background-repeat":"repeat","background-position":"center center","background-size":"auto","background-attachment":"scroll","background-type":"","background-media":"","overlay-type":"","overlay-color":"","overlay-opacity":"","overlay-gradient":""},"tablet":{"background-color":"","background-image":"","background-repeat":"repeat","background-position":"center center","background-size":"auto","background-attachment":"scroll","background-type":"","background-media":"","overlay-type":"","overlay-color":"","overlay-opacity":"","overlay-gradient":""},"mobile":{"background-color":"","background-image":"","background-repeat":"repeat","background-position":"center center","background-size":"auto","background-attachment":"scroll","background-type":"","background-media":"","overlay-type":"","overlay-color":"","overlay-opacity":"","overlay-gradient":""}},"ast-content-background-meta":{"desktop":{"background-color":"var(--ast-global-color-5)","background-image":"","background-repeat":"repeat","background-position":"center center","background-size":"auto","background-attachment":"scroll","background-type":"","background-media":"","overlay-type":"","overlay-color":"","overlay-opacity":"","overlay-gradient":""},"tablet":{"background-color":"var(--ast-global-color-5)","background-image":"","background-repeat":"repeat","background-position":"center center","background-size":"auto","background-attachment":"scroll","background-type":"","background-media":"","overlay-type":"","overlay-color":"","overlay-opacity":"","overlay-gradient":""},"mobile":{"background-color":"var(--ast-global-color-5)","background-image":"","background-repeat":"repeat","background-position":"center center","background-size":"auto","background-attachment":"scroll","background-type":"","background-media":"","overlay-type":"","overlay-color":"","overlay-opacity":"","overlay-gradient":""}},"footnotes":""},"class_list":["post-3","page","type-page","status-publish","hentry"],"uagb_featured_image_src":{"full":false,"thumbnail":false,"medium":false,"medium_large":false,"large":false,"1536x1536":false,"2048x2048":false,"trp-custom-language-flag":false,"woocommerce_thumbnail":false,"woocommerce_single":false,"woocommerce_gallery_thumbnail":false},"uagb_author_info":{"display_name":"xixicuentawork@gmail.com","author_link":"https:\/\/dazhonghua.es\/es\/author\/xixicuentaworkgmail-com\/"},"uagb_comment_info":0,"uagb_excerpt":"Responsable del sitio web:SUPER ZHONG HUA, S.L.NIF: B-9&hellip;","_links":{"self":[{"href":"https:\/\/dazhonghua.es\/es\/wp-json\/wp\/v2\/pages\/3","targetHints":{"allow":["GET"]}}],"collection":[{"href":"https:\/\/dazhonghua.es\/es\/wp-json\/wp\/v2\/pages"}],"about":[{"href":"https:\/\/dazhonghua.es\/es\/wp-json\/wp\/v2\/types\/page"}],"author":[{"embeddable":true,"href":"https:\/\/dazhonghua.es\/es\/wp-json\/wp\/v2\/users\/1"}],"replies":[{"embeddable":true,"href":"https:\/\/dazhonghua.es\/es\/wp-json\/wp\/v2\/comments?post=3"}],"version-history":[{"count":1,"href":"https:\/\/dazhonghua.es\/es\/wp-json\/wp\/v2\/pages\/3\/revisions"}],"predecessor-version":[{"id":5286,"href":"https:\/\/dazhonghua.es\/es\/wp-json\/wp\/v2\/pages\/3\/revisions\/5286"}],"wp:attachment":[{"href":"https:\/\/dazhonghua.es\/es\/wp-json\/wp\/v2\/media?parent=3"}],"curies":[{"name":"wp","href":"https:\/\/api.w.org\/{rel}","templated":true}]}}